{"id":7311,"date":"2024-08-13T17:33:32","date_gmt":"2024-08-14T00:33:32","guid":{"rendered":"https:\/\/staging.ericnegretevictorville.com\/?page_id=7311"},"modified":"2024-08-18T09:20:59","modified_gmt":"2024-08-18T16:20:59","slug":"amplifying-community-voices","status":"publish","type":"page","link":"https:\/\/tiffanygaudin.com\/es\/amplifying-community-voices\/","title":{"rendered":"Amplificar las voces de la comunidad"},"content":{"rendered":"<div data-elementor-type=\"wp-post\" data-elementor-id=\"7311\" class=\"elementor elementor-7311\" data-elementor-post-type=\"page\">\n\t\t\t\t<div class=\"elementor-element elementor-element-f80c83d e-flex e-con-boxed e-con e-parent\" data-id=\"f80c83d\" data-element_type=\"container\">\n\t\t\t\t\t<div class=\"e-con-inner\">\n\t\t<div class=\"elementor-element elementor-element-f600bda e-con-full e-flex e-con e-child\" data-id=\"f600bda\" data-element_type=\"container\">\n\t\t\t\t<div class=\"elementor-element elementor-element-fbd38be elementor-widget elementor-widget-text-editor\" data-id=\"fbd38be\" data-element_type=\"widget\" data-widget_type=\"text-editor.default\">\n\t\t\t\t<div class=\"elementor-widget-container\">\n\t\t\t\t\t\t\t<h1>He escuchado a muchos de ustedes que creen que sus preocupaciones no son atendidas por los dirigentes de la ciudad. Quiero cambiar eso. Cada residente de Victorville merece que su voz sea escuchada, pero demasiados sienten que sus preocupaciones son ignoradas.<\/h1>\t\t\t\t\t\t<\/div>\n\t\t\t\t<\/div>\n\t\t\t\t<div class=\"elementor-element elementor-element-8fab8b0 elementor-widget elementor-widget-text-editor\" data-id=\"8fab8b0\" data-element_type=\"widget\" data-widget_type=\"text-editor.default\">\n\t\t\t\t<div class=\"elementor-widget-container\">\n\t\t\t\t\t\t\t<h3>Creo que una comunidad fuerte es aquella en la que todos pueden opinar sobre las decisiones que afectan a sus vidas. Si salgo elegida, crear\u00e9 comit\u00e9s consultivos comunitarios para garantizar que sus voces sean escuchadas y que sus preocupaciones lleguen directamente al Ayuntamiento. Tambi\u00e9n trabajar\u00e9 para aumentar la participaci\u00f3n p\u00fablica en la gobernanza de la ciudad animando a m\u00e1s residentes a asistir a las reuniones del Ayuntamiento y siendo una presencia visible y accesible en la comunidad. Me comprometo a ser \"la concejala del pueblo\", alguien que est\u00e1 en la comunidad, escucha activamente y trabaja para atender sus necesidades.\u00a0<\/h3><h3>Capacitando a los residentes para que desempe\u00f1en un papel activo en el futuro de Victorville, podemos crear una ciudad que refleje verdaderamente los valores y prioridades de sus habitantes.<\/h3><div>\u00a0<\/div><p><b>Fortalecer las relaciones con las organizaciones sin \u00e1nimo de lucro y los l\u00edderes comunitarios<\/b><\/p><p>Victorville ha sido bendecida con una fuerte red de organizaciones sin fines de lucro y organizaciones comunitarias que prestan servicios esenciales a nuestros residentes. Sin embargo, todav\u00eda hay potencial sin explotar en estas asociaciones. Creo que podemos hacer m\u00e1s para apoyar a estas organizaciones y crear asociaciones m\u00e1s fuertes entre la ciudad, sin fines de lucro, y los residentes. Mi punto fuerte es la creaci\u00f3n de relaciones, y tengo la intenci\u00f3n de utilizar esa habilidad para crear una red de recursos que beneficie a todos.\u00a0<\/p><p><span style=\"color: var( --e-global-color-text ); font-family: var( --e-global-typography-text-font-family ), Sans-serif; font-weight: var( --e-global-typography-text-font-weight ); text-align: var(--text-align); font-size: 1rem;\">Ya sea ampliando los recursos para las personas sin hogar, apoyando iniciativas educativas o promoviendo programas de salud y bienestar, estas asociaciones son fundamentales para abordar los retos a los que nos enfrentamos. Si soy elegido, dar\u00e9 prioridad a la creaci\u00f3n de un enfoque unificado que maximice el impacto de estos recursos y garantice que todos los residentes tengan acceso al apoyo que necesitan. Creo que trabajando m\u00e1s estrechamente con las organizaciones sin fines de lucro y l\u00edderes de la comunidad, podemos crear un Victorville m\u00e1s fuerte y m\u00e1s conectado.\u00a0<\/span><\/p><p><b>Mejorar las oportunidades educativas<\/b><\/p><p>Los ni\u00f1os de Victorville merecen una educaci\u00f3n segura y eficaz, y estoy comprometido a trabajar con los distritos escolares locales y programas comunitarios para garantizar que lo consigan. Pero la educaci\u00f3n no se trata s\u00f3lo de lo que sucede en el aula, quiero crear nuevos programas para invertir en el futuro de Victorville. Si es elegido, voy a abogar por la creaci\u00f3n de programas de formaci\u00f3n profesional, pasant\u00edas y otras iniciativas que preparan a nuestros j\u00f3venes para la fuerza de trabajo y ayudarles a construir carreras exitosas. Al apoyar a nuestros educadores locales, ayudamos a nuestros ni\u00f1os a tener \u00e9xito, mientras que la construcci\u00f3n de un Victorville m\u00e1s fuerte, m\u00e1s resistente para las generaciones venideras.<\/p><p>Me apasionan estos temas porque creo que son esenciales para crear un Victorville donde todos puedan prosperar. Con su apoyo, estoy listo para traer una nueva perspectiva al Consejo de la Ciudad y trabajar sin descanso para hacer de nuestra comunidad lo mejor que puede ser.<\/p>\t\t\t\t\t\t<\/div>\n\t\t\t\t<\/div>\n\t\t\t\t<\/div>\n\t\t\t\t\t<\/div>\n\t\t\t\t<\/div>\n\t\t\t\t<section class=\"elementor-section elementor-top-section elementor-element elementor-element-5ad2b52 elementor-section-boxed elementor-section-height-default elementor-section-height-default\" data-id=\"5ad2b52\" data-element_type=\"section\">\n\t\t\t\t\t\t<div class=\"elementor-container elementor-column-gap-default\">\n\t\t\t\t\t<div class=\"elementor-column elementor-col-100 elementor-top-column elementor-element elementor-element-9f09b4c\" data-id=\"9f09b4c\" data-element_type=\"column\">\n\t\t\t<div class=\"elementor-widget-wrap elementor-element-populated\">\n\t\t\t\t\t\t<div class=\"elementor-element elementor-element-eca401c elementor-grid-4 elementor-grid-tablet-2 elementor-grid-mobile-1 elementor-widget elementor-widget-portfolio\" data-id=\"eca401c\" data-element_type=\"widget\" data-settings=\"{&quot;columns&quot;:&quot;4&quot;,&quot;row_gap&quot;:{&quot;unit&quot;:&quot;px&quot;,&quot;size&quot;:7,&quot;sizes&quot;:[]},&quot;columns_tablet&quot;:&quot;2&quot;,&quot;columns_mobile&quot;:&quot;1&quot;,&quot;item_ratio&quot;:{&quot;unit&quot;:&quot;px&quot;,&quot;size&quot;:0.66,&quot;sizes&quot;:[]},&quot;item_gap&quot;:{&quot;unit&quot;:&quot;px&quot;,&quot;size&quot;:&quot;&quot;,&quot;sizes&quot;:[]}}\" data-widget_type=\"portfolio.default\">\n\t\t\t\t<div class=\"elementor-widget-container\">\n\t\t\t\t\t<div class=\"elementor-portfolio elementor-grid elementor-posts-container\">\n\t\t\t\t<article class=\"elementor-portfolio-item elementor-post  post-7313 page type-page status-publish has-post-thumbnail hentry category-talking-points\">\n\t\t\t<a class=\"elementor-post__thumbnail__link\" href=\"https:\/\/tiffanygaudin.com\/es\/advancing-public-safety-efforts\/\">\n\t\t\t\t<div class=\"elementor-portfolio-item__img elementor-post__thumbnail\">\n\t\t\t<img fetchpriority=\"high\" decoding=\"async\" width=\"750\" height=\"510\" src=\"https:\/\/tiffanygaudin.com\/wp-content\/uploads\/2024\/08\/Advancing-750x510.webp\" class=\"attachment-medium size-medium wp-image-8250\" alt=\"\" \/>\t\t<\/div>\n\t\t\t\t<div class=\"elementor-portfolio-item__overlay\">\n\t\t\t\t<h2 class=\"elementor-portfolio-item__title\">\n\t\tFomento de la seguridad p\u00fablica\t\t<\/h2>\n\t\t\t\t<\/div>\n\t\t\t\t<\/a>\n\t\t<\/article>\n\t\t\t\t<article class=\"elementor-portfolio-item elementor-post  post-7315 page type-page status-publish has-post-thumbnail hentry category-talking-points\">\n\t\t\t<a class=\"elementor-post__thumbnail__link\" href=\"https:\/\/tiffanygaudin.com\/es\/promoting-economic-prosperity\/\">\n\t\t\t\t<div class=\"elementor-portfolio-item__img elementor-post__thumbnail\">\n\t\t\t<img decoding=\"async\" width=\"750\" height=\"510\" src=\"https:\/\/tiffanygaudin.com\/wp-content\/uploads\/2024\/08\/Promoting-750x510.webp\" class=\"attachment-medium size-medium wp-image-8251\" alt=\"\" \/>\t\t<\/div>\n\t\t\t\t<div class=\"elementor-portfolio-item__overlay\">\n\t\t\t\t<h2 class=\"elementor-portfolio-item__title\">\n\t\tPromover la prosperidad econ\u00f3mica\t\t<\/h2>\n\t\t\t\t<\/div>\n\t\t\t\t<\/a>\n\t\t<\/article>\n\t\t\t\t<article class=\"elementor-portfolio-item elementor-post  post-7309 page type-page status-publish has-post-thumbnail hentry category-talking-points\">\n\t\t\t<a class=\"elementor-post__thumbnail__link\" href=\"https:\/\/tiffanygaudin.com\/es\/lasting-solutions-for-homelessness\/\">\n\t\t\t\t<div class=\"elementor-portfolio-item__img elementor-post__thumbnail\">\n\t\t\t<img decoding=\"async\" width=\"750\" height=\"510\" src=\"https:\/\/tiffanygaudin.com\/wp-content\/uploads\/2024\/08\/Lasting-750x510.webp\" class=\"attachment-medium size-medium wp-image-8252\" alt=\"\" \/>\t\t<\/div>\n\t\t\t\t<div class=\"elementor-portfolio-item__overlay\">\n\t\t\t\t<h2 class=\"elementor-portfolio-item__title\">\n\t\tSoluciones duraderas para los sin techo\t\t<\/h2>\n\t\t\t\t<\/div>\n\t\t\t\t<\/a>\n\t\t<\/article>\n\t\t\t\t<article class=\"elementor-portfolio-item elementor-post  post-7311 page type-page status-publish has-post-thumbnail hentry category-talking-points\">\n\t\t\t<a class=\"elementor-post__thumbnail__link\" href=\"https:\/\/tiffanygaudin.com\/es\/amplifying-community-voices\/\">\n\t\t\t\t<div class=\"elementor-portfolio-item__img elementor-post__thumbnail\">\n\t\t\t<img loading=\"lazy\" decoding=\"async\" width=\"750\" height=\"510\" src=\"https:\/\/tiffanygaudin.com\/wp-content\/uploads\/2024\/08\/Amplifying-750x510.webp\" class=\"attachment-medium size-medium wp-image-8253\" alt=\"\" \/>\t\t<\/div>\n\t\t\t\t<div class=\"elementor-portfolio-item__overlay\">\n\t\t\t\t<h2 class=\"elementor-portfolio-item__title\">\n\t\tAmplificar las voces de la comunidad\t\t<\/h2>\n\t\t\t\t<\/div>\n\t\t\t\t<\/a>\n\t\t<\/article>\n\t\t\t\t<\/div>\n\t\t\t\t<\/div>\n\t\t\t\t<\/div>\n\t\t\t\t\t<\/div>\n\t\t<\/div>\n\t\t\t\t\t<\/div>\n\t\t<\/section>\n\t\t\t\t<\/div>","protected":false},"excerpt":{"rendered":"<p>Desarrollar formas innovadoras de revitalizar la calidad de vida de nuestras comunidades, desde eventos hasta parques urbanos. <\/p>","protected":false},"author":1,"featured_media":8253,"parent":0,"menu_order":115,"comment_status":"closed","ping_status":"closed","template":"","meta":{"footnotes":""},"categories":[32],"tags":[],"class_list":["post-7311","page","type-page","status-publish","has-post-thumbnail","hentry","category-talking-points"],"yoast_head":"<!-- This site is optimized with the Yoast SEO plugin v23.7 - https:\/\/yoast.com\/wordpress\/plugins\/seo\/ -->\n<title>Amplifying Community Voices - Tiffany Gaudin District 1<\/title>\n<meta name=\"robots\" content=\"index, follow, max-snippet:-1, max-image-preview:large, max-video-preview:-1\" \/>\n<link rel=\"canonical\" href=\"https:\/\/tiffanygaudin.com\/es\/amplifying-community-voices\/\" \/>\n<meta property=\"og:locale\" content=\"es_MX\" \/>\n<meta property=\"og:type\" content=\"article\" \/>\n<meta property=\"og:title\" content=\"Amplifying Community Voices - Tiffany Gaudin District 1\" \/>\n<meta property=\"og:description\" content=\"Developing innovative ways to revitalize the quality of life for our communities, from events to city parks.\" \/>\n<meta property=\"og:url\" content=\"https:\/\/tiffanygaudin.com\/es\/amplifying-community-voices\/\" \/>\n<meta property=\"og:site_name\" content=\"Tiffany Gaudin District 1\" \/>\n<meta property=\"article:modified_time\" content=\"2024-08-18T16:20:59+00:00\" \/>\n<meta property=\"og:image\" content=\"https:\/\/tiffanygaudin.com\/wp-content\/uploads\/2024\/08\/Amplifying.webp\" \/>\n\t<meta property=\"og:image:width\" content=\"1920\" \/>\n\t<meta property=\"og:image:height\" content=\"1080\" \/>\n\t<meta property=\"og:image:type\" content=\"image\/webp\" \/>\n<meta name=\"twitter:card\" content=\"summary_large_image\" \/>\n<meta name=\"twitter:label1\" content=\"Tiempo de lectura\" \/>\n\t<meta name=\"twitter:data1\" content=\"3 minutos\" \/>\n<script type=\"application\/ld+json\" class=\"yoast-schema-graph\">{\"@context\":\"https:\/\/schema.org\",\"@graph\":[{\"@type\":\"WebPage\",\"@id\":\"https:\/\/tiffanygaudin.com\/amplifying-community-voices\/\",\"url\":\"https:\/\/tiffanygaudin.com\/amplifying-community-voices\/\",\"name\":\"Amplifying Community Voices - Tiffany Gaudin District 1\",\"isPartOf\":{\"@id\":\"https:\/\/tiffanygaudin.com\/#website\"},\"primaryImageOfPage\":{\"@id\":\"https:\/\/tiffanygaudin.com\/amplifying-community-voices\/#primaryimage\"},\"image\":{\"@id\":\"https:\/\/tiffanygaudin.com\/amplifying-community-voices\/#primaryimage\"},\"thumbnailUrl\":\"https:\/\/tiffanygaudin.com\/wp-content\/uploads\/2024\/08\/Amplifying.webp\",\"datePublished\":\"2024-08-14T00:33:32+00:00\",\"dateModified\":\"2024-08-18T16:20:59+00:00\",\"breadcrumb\":{\"@id\":\"https:\/\/tiffanygaudin.com\/amplifying-community-voices\/#breadcrumb\"},\"inLanguage\":\"es\",\"potentialAction\":[{\"@type\":\"ReadAction\",\"target\":[\"https:\/\/tiffanygaudin.com\/amplifying-community-voices\/\"]}]},{\"@type\":\"ImageObject\",\"inLanguage\":\"es\",\"@id\":\"https:\/\/tiffanygaudin.com\/amplifying-community-voices\/#primaryimage\",\"url\":\"https:\/\/tiffanygaudin.com\/wp-content\/uploads\/2024\/08\/Amplifying.webp\",\"contentUrl\":\"https:\/\/tiffanygaudin.com\/wp-content\/uploads\/2024\/08\/Amplifying.webp\",\"width\":1920,\"height\":1080},{\"@type\":\"BreadcrumbList\",\"@id\":\"https:\/\/tiffanygaudin.com\/amplifying-community-voices\/#breadcrumb\",\"itemListElement\":[{\"@type\":\"ListItem\",\"position\":1,\"name\":\"Home\",\"item\":\"https:\/\/tiffanygaudin.com\/\"},{\"@type\":\"ListItem\",\"position\":2,\"name\":\"Amplifying Community Voices\"}]},{\"@type\":\"WebSite\",\"@id\":\"https:\/\/tiffanygaudin.com\/#website\",\"url\":\"https:\/\/tiffanygaudin.com\/\",\"name\":\"Tiffany Gaudin District 1\",\"description\":\"District 1 | Victorville City Council\",\"publisher\":{\"@id\":\"https:\/\/tiffanygaudin.com\/#organization\"},\"potentialAction\":[{\"@type\":\"SearchAction\",\"target\":{\"@type\":\"EntryPoint\",\"urlTemplate\":\"https:\/\/tiffanygaudin.com\/?s={search_term_string}\"},\"query-input\":{\"@type\":\"PropertyValueSpecification\",\"valueRequired\":true,\"valueName\":\"search_term_string\"}}],\"inLanguage\":\"es\"},{\"@type\":\"Organization\",\"@id\":\"https:\/\/tiffanygaudin.com\/#organization\",\"name\":\"Tiffany Gaudin District 1\",\"url\":\"https:\/\/tiffanygaudin.com\/\",\"logo\":{\"@type\":\"ImageObject\",\"inLanguage\":\"es\",\"@id\":\"https:\/\/tiffanygaudin.com\/#\/schema\/logo\/image\/\",\"url\":\"https:\/\/tiffanygaudin.com\/wp-content\/uploads\/2024\/03\/Logo.webp\",\"contentUrl\":\"https:\/\/tiffanygaudin.com\/wp-content\/uploads\/2024\/03\/Logo.webp\",\"width\":837,\"height\":472,\"caption\":\"Tiffany Gaudin District 1\"},\"image\":{\"@id\":\"https:\/\/tiffanygaudin.com\/#\/schema\/logo\/image\/\"}}]}<\/script>\n<!-- \/ Yoast SEO plugin. -->","yoast_head_json":{"title":"Amplifying Community Voices - Tiffany Gaudin District 1","robots":{"index":"index","follow":"follow","max-snippet":"max-snippet:-1","max-image-preview":"max-image-preview:large","max-video-preview":"max-video-preview:-1"},"canonical":"https:\/\/tiffanygaudin.com\/es\/amplifying-community-voices\/","og_locale":"es_MX","og_type":"article","og_title":"Amplifying Community Voices - Tiffany Gaudin District 1","og_description":"Developing innovative ways to revitalize the quality of life for our communities, from events to city parks.","og_url":"https:\/\/tiffanygaudin.com\/es\/amplifying-community-voices\/","og_site_name":"Tiffany Gaudin District 1","article_modified_time":"2024-08-18T16:20:59+00:00","og_image":[{"width":1920,"height":1080,"url":"https:\/\/tiffanygaudin.com\/wp-content\/uploads\/2024\/08\/Amplifying.webp","type":"image\/webp"}],"twitter_card":"summary_large_image","twitter_misc":{"Tiempo de lectura":"3 minutos"},"schema":{"@context":"https:\/\/schema.org","@graph":[{"@type":"WebPage","@id":"https:\/\/tiffanygaudin.com\/amplifying-community-voices\/","url":"https:\/\/tiffanygaudin.com\/amplifying-community-voices\/","name":"Amplifying Community Voices - Tiffany Gaudin District 1","isPartOf":{"@id":"https:\/\/tiffanygaudin.com\/#website"},"primaryImageOfPage":{"@id":"https:\/\/tiffanygaudin.com\/amplifying-community-voices\/#primaryimage"},"image":{"@id":"https:\/\/tiffanygaudin.com\/amplifying-community-voices\/#primaryimage"},"thumbnailUrl":"https:\/\/tiffanygaudin.com\/wp-content\/uploads\/2024\/08\/Amplifying.webp","datePublished":"2024-08-14T00:33:32+00:00","dateModified":"2024-08-18T16:20:59+00:00","breadcrumb":{"@id":"https:\/\/tiffanygaudin.com\/amplifying-community-voices\/#breadcrumb"},"inLanguage":"es","potentialAction":[{"@type":"ReadAction","target":["https:\/\/tiffanygaudin.com\/amplifying-community-voices\/"]}]},{"@type":"ImageObject","inLanguage":"es","@id":"https:\/\/tiffanygaudin.com\/amplifying-community-voices\/#primaryimage","url":"https:\/\/tiffanygaudin.com\/wp-content\/uploads\/2024\/08\/Amplifying.webp","contentUrl":"https:\/\/tiffanygaudin.com\/wp-content\/uploads\/2024\/08\/Amplifying.webp","width":1920,"height":1080},{"@type":"BreadcrumbList","@id":"https:\/\/tiffanygaudin.com\/amplifying-community-voices\/#breadcrumb","itemListElement":[{"@type":"ListItem","position":1,"name":"Home","item":"https:\/\/tiffanygaudin.com\/"},{"@type":"ListItem","position":2,"name":"Amplifying Community Voices"}]},{"@type":"WebSite","@id":"https:\/\/tiffanygaudin.com\/#website","url":"https:\/\/tiffanygaudin.com\/","name":"Tiffany Gaudin District 1","description":"District 1 | Victorville City Council","publisher":{"@id":"https:\/\/tiffanygaudin.com\/#organization"},"potentialAction":[{"@type":"SearchAction","target":{"@type":"EntryPoint","urlTemplate":"https:\/\/tiffanygaudin.com\/?s={search_term_string}"},"query-input":{"@type":"PropertyValueSpecification","valueRequired":true,"valueName":"search_term_string"}}],"inLanguage":"es"},{"@type":"Organization","@id":"https:\/\/tiffanygaudin.com\/#organization","name":"Tiffany Gaudin District 1","url":"https:\/\/tiffanygaudin.com\/","logo":{"@type":"ImageObject","inLanguage":"es","@id":"https:\/\/tiffanygaudin.com\/#\/schema\/logo\/image\/","url":"https:\/\/tiffanygaudin.com\/wp-content\/uploads\/2024\/03\/Logo.webp","contentUrl":"https:\/\/tiffanygaudin.com\/wp-content\/uploads\/2024\/03\/Logo.webp","width":837,"height":472,"caption":"Tiffany Gaudin District 1"},"image":{"@id":"https:\/\/tiffanygaudin.com\/#\/schema\/logo\/image\/"}}]}},"_links":{"self":[{"href":"https:\/\/tiffanygaudin.com\/es\/wp-json\/wp\/v2\/pages\/7311","targetHints":{"allow":["GET"]}}],"collection":[{"href":"https:\/\/tiffanygaudin.com\/es\/wp-json\/wp\/v2\/pages"}],"about":[{"href":"https:\/\/tiffanygaudin.com\/es\/wp-json\/wp\/v2\/types\/page"}],"author":[{"embeddable":true,"href":"https:\/\/tiffanygaudin.com\/es\/wp-json\/wp\/v2\/users\/1"}],"replies":[{"embeddable":true,"href":"https:\/\/tiffanygaudin.com\/es\/wp-json\/wp\/v2\/comments?post=7311"}],"version-history":[{"count":30,"href":"https:\/\/tiffanygaudin.com\/es\/wp-json\/wp\/v2\/pages\/7311\/revisions"}],"predecessor-version":[{"id":8078,"href":"https:\/\/tiffanygaudin.com\/es\/wp-json\/wp\/v2\/pages\/7311\/revisions\/8078"}],"wp:featuredmedia":[{"embeddable":true,"href":"https:\/\/tiffanygaudin.com\/es\/wp-json\/wp\/v2\/media\/8253"}],"wp:attachment":[{"href":"https:\/\/tiffanygaudin.com\/es\/wp-json\/wp\/v2\/media?parent=7311"}],"wp:term":[{"taxonomy":"category","embeddable":true,"href":"https:\/\/tiffanygaudin.com\/es\/wp-json\/wp\/v2\/categories?post=7311"},{"taxonomy":"post_tag","embeddable":true,"href":"https:\/\/tiffanygaudin.com\/es\/wp-json\/wp\/v2\/tags?post=7311"}],"curies":[{"name":"wp","href":"https:\/\/api.w.org\/{rel}","templated":true}]}}