{"id":7315,"date":"2024-08-13T17:33:56","date_gmt":"2024-08-14T00:33:56","guid":{"rendered":"https:\/\/staging.ericnegretevictorville.com\/?page_id=7315"},"modified":"2024-08-18T09:20:06","modified_gmt":"2024-08-18T16:20:06","slug":"promoting-economic-prosperity","status":"publish","type":"page","link":"https:\/\/tiffanygaudin.com\/es\/promoting-economic-prosperity\/","title":{"rendered":"Promover la prosperidad econ\u00f3mica"},"content":{"rendered":"<div data-elementor-type=\"wp-post\" data-elementor-id=\"7315\" class=\"elementor elementor-7315\" data-elementor-post-type=\"page\">\n\t\t\t\t<div class=\"elementor-element elementor-element-0985a83 e-flex e-con-boxed e-con e-parent\" data-id=\"0985a83\" data-element_type=\"container\">\n\t\t\t\t\t<div class=\"e-con-inner\">\n\t\t<div class=\"elementor-element elementor-element-7cf3103 e-con-full e-flex e-con e-child\" data-id=\"7cf3103\" data-element_type=\"container\">\n\t\t\t\t<div class=\"elementor-element elementor-element-f77ba70 elementor-widget elementor-widget-text-editor\" data-id=\"f77ba70\" data-element_type=\"widget\" data-widget_type=\"text-editor.default\">\n\t\t\t\t<div class=\"elementor-widget-container\">\n\t\t\t\t\t\t\t<h1>Una econom\u00eda fuerte es esencial para una Victorville pr\u00f3spera, y es hora de liberar todo el potencial de nuestra ciudad. Nuestros residentes merecen tener acceso a buenos puestos de trabajo y un entorno empresarial pr\u00f3spero, pero esto requiere un compromiso con el desarrollo inteligente y sostenible. He escuchado a propietarios de negocios locales que se sienten frustrados por el estado de nuestras infraestructuras: carreteras que necesitan reparaciones y servicios p\u00fablicos obsoletos. Si salgo elegido, dar\u00e9 prioridad a la mejora de nuestras infraestructuras para crear un entorno m\u00e1s atractivo para que las empresas inviertan y crezcan.<\/h1>\t\t\t\t\t\t<\/div>\n\t\t\t\t<\/div>\n\t\t\t\t<div class=\"elementor-element elementor-element-d31616b elementor-widget elementor-widget-text-editor\" data-id=\"d31616b\" data-element_type=\"widget\" data-widget_type=\"text-editor.default\">\n\t\t\t\t<div class=\"elementor-widget-container\">\n\t\t\t\t\t\t\t<h3>Tambi\u00e9n me centrar\u00e9 en desarrollar una mano de obra bien formada, garantizando que nuestros residentes est\u00e9n preparados para los empleos del futuro. Mi objetivo es hacer de Victorville un lugar donde las empresas quieran invertir y donde los residentes tengan acceso a empleos de alta calidad. Mediante el fomento de un clima favorable a las empresas y el fomento de un desarrollo inteligente, podemos crear nuevas oportunidades para el crecimiento econ\u00f3mico y garantizar que Victorville sigue siendo un gran lugar para vivir y trabajar.<\/h3><p>\u00a0<\/p><p><b>Atraer empleos mejor remunerados<\/b><\/p><p>Uno de los principales retos a los que se enfrenta Victorville es la necesidad de empleos mejor remunerados que puedan mantener a nuestras familias y fortalecer nuestra econom\u00eda local. Demasiados residentes se ven obligados a recorrer largas distancias para conseguir empleos mejor remunerados, lo que les quita tiempo para estar con sus familias y contribuye a la congesti\u00f3n del tr\u00e1fico y a los problemas medioambientales. Si soy elegido, voy a trabajar con el Administrador de la Ciudad y el personal de la ciudad en las iniciativas destinadas a atraer a las industrias que ofrecen oportunidades de salarios m\u00e1s altos aqu\u00ed en Victorville. Esto incluye la defensa de los incentivos que animan a las empresas en sectores como la tecnolog\u00eda, la salud y la fabricaci\u00f3n avanzada para establecer una presencia en nuestra ciudad. Al traer puestos de trabajo mejor pagados, podemos mejorar la calidad de vida de nuestros residentes y mantener nuestra econom\u00eda local vibrante y competitiva.<\/p><p><b>Crear una nueva perspectiva de crecimiento empresarial<\/b><\/p><p>Las peque\u00f1as empresas son la columna vertebral de la econom\u00eda de Victorville, y merecen todo nuestro apoyo. Sin embargo, muchos propietarios de peque\u00f1as empresas sienten que el entorno actual no es propicio para su crecimiento. Ya se trate de navegar por las regulaciones complejas, hacer frente a una infraestructura inadecuada, o frente a la dura competencia de las grandes corporaciones, las peque\u00f1as empresas en Victorville necesita una nueva perspectiva sobre el apoyo y el crecimiento. Si es elegido, voy a defender iniciativas que simplifican el proceso de iniciar y ejecutar un negocio en nuestra ciudad. Esto incluye la racionalizaci\u00f3n de los permisos y licencias, proporcionando un mejor acceso a los recursos y la financiaci\u00f3n, y la creaci\u00f3n de una relaci\u00f3n de mayor colaboraci\u00f3n entre la ciudad y los empresarios locales. Al fomentar un entorno en el que las peque\u00f1as empresas puedan prosperar, podemos crear m\u00e1s puestos de trabajo, impulsar el comercio local y construir una econom\u00eda m\u00e1s fuerte y resistente.<\/p><div>\u00a0<\/div>\t\t\t\t\t\t<\/div>\n\t\t\t\t<\/div>\n\t\t\t\t<\/div>\n\t\t\t\t\t<\/div>\n\t\t\t\t<\/div>\n\t\t\t\t<section class=\"elementor-section elementor-top-section elementor-element elementor-element-20df710 elementor-section-boxed elementor-section-height-default elementor-section-height-default\" data-id=\"20df710\" data-element_type=\"section\">\n\t\t\t\t\t\t<div class=\"elementor-container elementor-column-gap-default\">\n\t\t\t\t\t<div class=\"elementor-column elementor-col-100 elementor-top-column elementor-element elementor-element-0256329\" data-id=\"0256329\" data-element_type=\"column\">\n\t\t\t<div class=\"elementor-widget-wrap elementor-element-populated\">\n\t\t\t\t\t\t<div class=\"elementor-element elementor-element-beb01d3 elementor-grid-4 elementor-grid-tablet-2 elementor-grid-mobile-1 elementor-widget elementor-widget-portfolio\" data-id=\"beb01d3\" data-element_type=\"widget\" data-settings=\"{&quot;columns&quot;:&quot;4&quot;,&quot;row_gap&quot;:{&quot;unit&quot;:&quot;px&quot;,&quot;size&quot;:7,&quot;sizes&quot;:[]},&quot;columns_tablet&quot;:&quot;2&quot;,&quot;columns_mobile&quot;:&quot;1&quot;,&quot;item_ratio&quot;:{&quot;unit&quot;:&quot;px&quot;,&quot;size&quot;:0.66,&quot;sizes&quot;:[]},&quot;item_gap&quot;:{&quot;unit&quot;:&quot;px&quot;,&quot;size&quot;:&quot;&quot;,&quot;sizes&quot;:[]}}\" data-widget_type=\"portfolio.default\">\n\t\t\t\t<div class=\"elementor-widget-container\">\n\t\t\t\t\t<div class=\"elementor-portfolio elementor-grid elementor-posts-container\">\n\t\t\t\t<article class=\"elementor-portfolio-item elementor-post  post-7313 page type-page status-publish has-post-thumbnail hentry category-talking-points\">\n\t\t\t<a class=\"elementor-post__thumbnail__link\" href=\"https:\/\/tiffanygaudin.com\/es\/advancing-public-safety-efforts\/\">\n\t\t\t\t<div class=\"elementor-portfolio-item__img elementor-post__thumbnail\">\n\t\t\t<img fetchpriority=\"high\" decoding=\"async\" width=\"750\" height=\"510\" src=\"https:\/\/tiffanygaudin.com\/wp-content\/uploads\/2024\/08\/Advancing-750x510.webp\" class=\"attachment-medium size-medium wp-image-8250\" alt=\"\" \/>\t\t<\/div>\n\t\t\t\t<div class=\"elementor-portfolio-item__overlay\">\n\t\t\t\t<h2 class=\"elementor-portfolio-item__title\">\n\t\tFomento de la seguridad p\u00fablica\t\t<\/h2>\n\t\t\t\t<\/div>\n\t\t\t\t<\/a>\n\t\t<\/article>\n\t\t\t\t<article class=\"elementor-portfolio-item elementor-post  post-7315 page type-page status-publish has-post-thumbnail hentry category-talking-points\">\n\t\t\t<a class=\"elementor-post__thumbnail__link\" href=\"https:\/\/tiffanygaudin.com\/es\/promoting-economic-prosperity\/\">\n\t\t\t\t<div class=\"elementor-portfolio-item__img elementor-post__thumbnail\">\n\t\t\t<img decoding=\"async\" width=\"750\" height=\"510\" src=\"https:\/\/tiffanygaudin.com\/wp-content\/uploads\/2024\/08\/Promoting-750x510.webp\" class=\"attachment-medium size-medium wp-image-8251\" alt=\"\" \/>\t\t<\/div>\n\t\t\t\t<div class=\"elementor-portfolio-item__overlay\">\n\t\t\t\t<h2 class=\"elementor-portfolio-item__title\">\n\t\tPromover la prosperidad econ\u00f3mica\t\t<\/h2>\n\t\t\t\t<\/div>\n\t\t\t\t<\/a>\n\t\t<\/article>\n\t\t\t\t<article class=\"elementor-portfolio-item elementor-post  post-7309 page type-page status-publish has-post-thumbnail hentry category-talking-points\">\n\t\t\t<a class=\"elementor-post__thumbnail__link\" href=\"https:\/\/tiffanygaudin.com\/es\/lasting-solutions-for-homelessness\/\">\n\t\t\t\t<div class=\"elementor-portfolio-item__img elementor-post__thumbnail\">\n\t\t\t<img decoding=\"async\" width=\"750\" height=\"510\" src=\"https:\/\/tiffanygaudin.com\/wp-content\/uploads\/2024\/08\/Lasting-750x510.webp\" class=\"attachment-medium size-medium wp-image-8252\" alt=\"\" \/>\t\t<\/div>\n\t\t\t\t<div class=\"elementor-portfolio-item__overlay\">\n\t\t\t\t<h2 class=\"elementor-portfolio-item__title\">\n\t\tSoluciones duraderas para los sin techo\t\t<\/h2>\n\t\t\t\t<\/div>\n\t\t\t\t<\/a>\n\t\t<\/article>\n\t\t\t\t<article class=\"elementor-portfolio-item elementor-post  post-7311 page type-page status-publish has-post-thumbnail hentry category-talking-points\">\n\t\t\t<a class=\"elementor-post__thumbnail__link\" href=\"https:\/\/tiffanygaudin.com\/es\/amplifying-community-voices\/\">\n\t\t\t\t<div class=\"elementor-portfolio-item__img elementor-post__thumbnail\">\n\t\t\t<img loading=\"lazy\" decoding=\"async\" width=\"750\" height=\"510\" src=\"https:\/\/tiffanygaudin.com\/wp-content\/uploads\/2024\/08\/Amplifying-750x510.webp\" class=\"attachment-medium size-medium wp-image-8253\" alt=\"\" \/>\t\t<\/div>\n\t\t\t\t<div class=\"elementor-portfolio-item__overlay\">\n\t\t\t\t<h2 class=\"elementor-portfolio-item__title\">\n\t\tAmplificar las voces de la comunidad\t\t<\/h2>\n\t\t\t\t<\/div>\n\t\t\t\t<\/a>\n\t\t<\/article>\n\t\t\t\t<\/div>\n\t\t\t\t<\/div>\n\t\t\t\t<\/div>\n\t\t\t\t\t<\/div>\n\t\t<\/div>\n\t\t\t\t\t<\/div>\n\t\t<\/section>\n\t\t\t\t<\/div>","protected":false},"excerpt":{"rendered":"<p>Trabajar\u00e9 para crear una cultura acogedora para las empresas, garantizando que cuenten con el apoyo y los recursos que necesitan para triunfar.<\/p>","protected":false},"author":1,"featured_media":8251,"parent":0,"menu_order":105,"comment_status":"closed","ping_status":"closed","template":"","meta":{"footnotes":""},"categories":[32],"tags":[],"class_list":["post-7315","page","type-page","status-publish","has-post-thumbnail","hentry","category-talking-points"],"yoast_head":"<!-- This site is optimized with the Yoast SEO plugin v23.7 - https:\/\/yoast.com\/wordpress\/plugins\/seo\/ -->\n<title>Promoting Economic Prosperity - Tiffany Gaudin District 1<\/title>\n<meta name=\"robots\" content=\"index, follow, max-snippet:-1, max-image-preview:large, max-video-preview:-1\" \/>\n<link rel=\"canonical\" href=\"https:\/\/tiffanygaudin.com\/es\/promoting-economic-prosperity\/\" \/>\n<meta property=\"og:locale\" content=\"es_MX\" \/>\n<meta property=\"og:type\" content=\"article\" \/>\n<meta property=\"og:title\" content=\"Promoting Economic Prosperity - Tiffany Gaudin District 1\" \/>\n<meta property=\"og:description\" content=\"I will work to create a welcoming culture for businesses, ensuring they have the support and resources they need to succeed.\" \/>\n<meta property=\"og:url\" content=\"https:\/\/tiffanygaudin.com\/es\/promoting-economic-prosperity\/\" \/>\n<meta property=\"og:site_name\" content=\"Tiffany Gaudin District 1\" \/>\n<meta property=\"article:modified_time\" content=\"2024-08-18T16:20:06+00:00\" \/>\n<meta property=\"og:image\" content=\"https:\/\/tiffanygaudin.com\/wp-content\/uploads\/2024\/08\/Promoting.webp\" \/>\n\t<meta property=\"og:image:width\" content=\"1920\" \/>\n\t<meta property=\"og:image:height\" content=\"1080\" \/>\n\t<meta property=\"og:image:type\" content=\"image\/webp\" \/>\n<meta name=\"twitter:card\" content=\"summary_large_image\" \/>\n<meta name=\"twitter:label1\" content=\"Tiempo de lectura\" \/>\n\t<meta name=\"twitter:data1\" content=\"2 minutos\" \/>\n<script type=\"application\/ld+json\" class=\"yoast-schema-graph\">{\"@context\":\"https:\/\/schema.org\",\"@graph\":[{\"@type\":\"WebPage\",\"@id\":\"https:\/\/tiffanygaudin.com\/promoting-economic-prosperity\/\",\"url\":\"https:\/\/tiffanygaudin.com\/promoting-economic-prosperity\/\",\"name\":\"Promoting Economic Prosperity - Tiffany Gaudin District 1\",\"isPartOf\":{\"@id\":\"https:\/\/tiffanygaudin.com\/#website\"},\"primaryImageOfPage\":{\"@id\":\"https:\/\/tiffanygaudin.com\/promoting-economic-prosperity\/#primaryimage\"},\"image\":{\"@id\":\"https:\/\/tiffanygaudin.com\/promoting-economic-prosperity\/#primaryimage\"},\"thumbnailUrl\":\"https:\/\/tiffanygaudin.com\/wp-content\/uploads\/2024\/08\/Promoting.webp\",\"datePublished\":\"2024-08-14T00:33:56+00:00\",\"dateModified\":\"2024-08-18T16:20:06+00:00\",\"breadcrumb\":{\"@id\":\"https:\/\/tiffanygaudin.com\/promoting-economic-prosperity\/#breadcrumb\"},\"inLanguage\":\"es\",\"potentialAction\":[{\"@type\":\"ReadAction\",\"target\":[\"https:\/\/tiffanygaudin.com\/promoting-economic-prosperity\/\"]}]},{\"@type\":\"ImageObject\",\"inLanguage\":\"es\",\"@id\":\"https:\/\/tiffanygaudin.com\/promoting-economic-prosperity\/#primaryimage\",\"url\":\"https:\/\/tiffanygaudin.com\/wp-content\/uploads\/2024\/08\/Promoting.webp\",\"contentUrl\":\"https:\/\/tiffanygaudin.com\/wp-content\/uploads\/2024\/08\/Promoting.webp\",\"width\":1920,\"height\":1080},{\"@type\":\"BreadcrumbList\",\"@id\":\"https:\/\/tiffanygaudin.com\/promoting-economic-prosperity\/#breadcrumb\",\"itemListElement\":[{\"@type\":\"ListItem\",\"position\":1,\"name\":\"Home\",\"item\":\"https:\/\/tiffanygaudin.com\/\"},{\"@type\":\"ListItem\",\"position\":2,\"name\":\"Promoting Economic Prosperity\"}]},{\"@type\":\"WebSite\",\"@id\":\"https:\/\/tiffanygaudin.com\/#website\",\"url\":\"https:\/\/tiffanygaudin.com\/\",\"name\":\"Tiffany Gaudin District 1\",\"description\":\"District 1 | Victorville City Council\",\"publisher\":{\"@id\":\"https:\/\/tiffanygaudin.com\/#organization\"},\"potentialAction\":[{\"@type\":\"SearchAction\",\"target\":{\"@type\":\"EntryPoint\",\"urlTemplate\":\"https:\/\/tiffanygaudin.com\/?s={search_term_string}\"},\"query-input\":{\"@type\":\"PropertyValueSpecification\",\"valueRequired\":true,\"valueName\":\"search_term_string\"}}],\"inLanguage\":\"es\"},{\"@type\":\"Organization\",\"@id\":\"https:\/\/tiffanygaudin.com\/#organization\",\"name\":\"Tiffany Gaudin District 1\",\"url\":\"https:\/\/tiffanygaudin.com\/\",\"logo\":{\"@type\":\"ImageObject\",\"inLanguage\":\"es\",\"@id\":\"https:\/\/tiffanygaudin.com\/#\/schema\/logo\/image\/\",\"url\":\"https:\/\/tiffanygaudin.com\/wp-content\/uploads\/2024\/03\/Logo.webp\",\"contentUrl\":\"https:\/\/tiffanygaudin.com\/wp-content\/uploads\/2024\/03\/Logo.webp\",\"width\":837,\"height\":472,\"caption\":\"Tiffany Gaudin District 1\"},\"image\":{\"@id\":\"https:\/\/tiffanygaudin.com\/#\/schema\/logo\/image\/\"}}]}<\/script>\n<!-- \/ Yoast SEO plugin. -->","yoast_head_json":{"title":"Promoting Economic Prosperity - Tiffany Gaudin District 1","robots":{"index":"index","follow":"follow","max-snippet":"max-snippet:-1","max-image-preview":"max-image-preview:large","max-video-preview":"max-video-preview:-1"},"canonical":"https:\/\/tiffanygaudin.com\/es\/promoting-economic-prosperity\/","og_locale":"es_MX","og_type":"article","og_title":"Promoting Economic Prosperity - Tiffany Gaudin District 1","og_description":"I will work to create a welcoming culture for businesses, ensuring they have the support and resources they need to succeed.","og_url":"https:\/\/tiffanygaudin.com\/es\/promoting-economic-prosperity\/","og_site_name":"Tiffany Gaudin District 1","article_modified_time":"2024-08-18T16:20:06+00:00","og_image":[{"width":1920,"height":1080,"url":"https:\/\/tiffanygaudin.com\/wp-content\/uploads\/2024\/08\/Promoting.webp","type":"image\/webp"}],"twitter_card":"summary_large_image","twitter_misc":{"Tiempo de lectura":"2 minutos"},"schema":{"@context":"https:\/\/schema.org","@graph":[{"@type":"WebPage","@id":"https:\/\/tiffanygaudin.com\/promoting-economic-prosperity\/","url":"https:\/\/tiffanygaudin.com\/promoting-economic-prosperity\/","name":"Promoting Economic Prosperity - Tiffany Gaudin District 1","isPartOf":{"@id":"https:\/\/tiffanygaudin.com\/#website"},"primaryImageOfPage":{"@id":"https:\/\/tiffanygaudin.com\/promoting-economic-prosperity\/#primaryimage"},"image":{"@id":"https:\/\/tiffanygaudin.com\/promoting-economic-prosperity\/#primaryimage"},"thumbnailUrl":"https:\/\/tiffanygaudin.com\/wp-content\/uploads\/2024\/08\/Promoting.webp","datePublished":"2024-08-14T00:33:56+00:00","dateModified":"2024-08-18T16:20:06+00:00","breadcrumb":{"@id":"https:\/\/tiffanygaudin.com\/promoting-economic-prosperity\/#breadcrumb"},"inLanguage":"es","potentialAction":[{"@type":"ReadAction","target":["https:\/\/tiffanygaudin.com\/promoting-economic-prosperity\/"]}]},{"@type":"ImageObject","inLanguage":"es","@id":"https:\/\/tiffanygaudin.com\/promoting-economic-prosperity\/#primaryimage","url":"https:\/\/tiffanygaudin.com\/wp-content\/uploads\/2024\/08\/Promoting.webp","contentUrl":"https:\/\/tiffanygaudin.com\/wp-content\/uploads\/2024\/08\/Promoting.webp","width":1920,"height":1080},{"@type":"BreadcrumbList","@id":"https:\/\/tiffanygaudin.com\/promoting-economic-prosperity\/#breadcrumb","itemListElement":[{"@type":"ListItem","position":1,"name":"Home","item":"https:\/\/tiffanygaudin.com\/"},{"@type":"ListItem","position":2,"name":"Promoting Economic Prosperity"}]},{"@type":"WebSite","@id":"https:\/\/tiffanygaudin.com\/#website","url":"https:\/\/tiffanygaudin.com\/","name":"Tiffany Gaudin District 1","description":"District 1 | Victorville City Council","publisher":{"@id":"https:\/\/tiffanygaudin.com\/#organization"},"potentialAction":[{"@type":"SearchAction","target":{"@type":"EntryPoint","urlTemplate":"https:\/\/tiffanygaudin.com\/?s={search_term_string}"},"query-input":{"@type":"PropertyValueSpecification","valueRequired":true,"valueName":"search_term_string"}}],"inLanguage":"es"},{"@type":"Organization","@id":"https:\/\/tiffanygaudin.com\/#organization","name":"Tiffany Gaudin District 1","url":"https:\/\/tiffanygaudin.com\/","logo":{"@type":"ImageObject","inLanguage":"es","@id":"https:\/\/tiffanygaudin.com\/#\/schema\/logo\/image\/","url":"https:\/\/tiffanygaudin.com\/wp-content\/uploads\/2024\/03\/Logo.webp","contentUrl":"https:\/\/tiffanygaudin.com\/wp-content\/uploads\/2024\/03\/Logo.webp","width":837,"height":472,"caption":"Tiffany Gaudin District 1"},"image":{"@id":"https:\/\/tiffanygaudin.com\/#\/schema\/logo\/image\/"}}]}},"_links":{"self":[{"href":"https:\/\/tiffanygaudin.com\/es\/wp-json\/wp\/v2\/pages\/7315","targetHints":{"allow":["GET"]}}],"collection":[{"href":"https:\/\/tiffanygaudin.com\/es\/wp-json\/wp\/v2\/pages"}],"about":[{"href":"https:\/\/tiffanygaudin.com\/es\/wp-json\/wp\/v2\/types\/page"}],"author":[{"embeddable":true,"href":"https:\/\/tiffanygaudin.com\/es\/wp-json\/wp\/v2\/users\/1"}],"replies":[{"embeddable":true,"href":"https:\/\/tiffanygaudin.com\/es\/wp-json\/wp\/v2\/comments?post=7315"}],"version-history":[{"count":28,"href":"https:\/\/tiffanygaudin.com\/es\/wp-json\/wp\/v2\/pages\/7315\/revisions"}],"predecessor-version":[{"id":8084,"href":"https:\/\/tiffanygaudin.com\/es\/wp-json\/wp\/v2\/pages\/7315\/revisions\/8084"}],"wp:featuredmedia":[{"embeddable":true,"href":"https:\/\/tiffanygaudin.com\/es\/wp-json\/wp\/v2\/media\/8251"}],"wp:attachment":[{"href":"https:\/\/tiffanygaudin.com\/es\/wp-json\/wp\/v2\/media?parent=7315"}],"wp:term":[{"taxonomy":"category","embeddable":true,"href":"https:\/\/tiffanygaudin.com\/es\/wp-json\/wp\/v2\/categories?post=7315"},{"taxonomy":"post_tag","embeddable":true,"href":"https:\/\/tiffanygaudin.com\/es\/wp-json\/wp\/v2\/tags?post=7315"}],"curies":[{"name":"wp","href":"https:\/\/api.w.org\/{rel}","templated":true}]}}