{"id":8224,"date":"2024-08-18T08:17:38","date_gmt":"2024-08-18T15:17:38","guid":{"rendered":"https:\/\/staging.tiffanygaudin.com\/?page_id=8224"},"modified":"2024-08-18T09:46:15","modified_gmt":"2024-08-18T16:46:15","slug":"my-priorities","status":"publish","type":"page","link":"https:\/\/tiffanygaudin.com\/es\/my-priorities\/","title":{"rendered":"Mis prioridades"},"content":{"rendered":"<div data-elementor-type=\"wp-post\" data-elementor-id=\"8224\" class=\"elementor elementor-8224\" data-elementor-post-type=\"page\">\n\t\t\t\t<div class=\"elementor-element elementor-element-17d7f4d e-flex e-con-boxed e-con e-parent\" data-id=\"17d7f4d\" data-element_type=\"container\" data-settings=\"{&quot;background_background&quot;:&quot;classic&quot;}\">\n\t\t\t\t\t<div class=\"e-con-inner\">\n\t\t<div class=\"elementor-element elementor-element-82890a9 e-con-full e-flex e-con e-child\" data-id=\"82890a9\" data-element_type=\"container\">\n\t\t\t\t<div class=\"elementor-element elementor-element-068fe92 elementor-widget elementor-widget-text-editor\" data-id=\"068fe92\" data-element_type=\"widget\" data-widget_type=\"text-editor.default\">\n\t\t\t\t<div class=\"elementor-widget-container\">\n\t\t\t\t\t\t\t<h1>Una nueva perspectiva sobre el futuro de Victorville.<\/h1>\t\t\t\t\t\t<\/div>\n\t\t\t\t<\/div>\n\t\t\t\t<div class=\"elementor-element elementor-element-bde7207 elementor-widget elementor-widget-text-editor\" data-id=\"bde7207\" data-element_type=\"widget\" data-widget_type=\"text-editor.default\">\n\t\t\t\t<div class=\"elementor-widget-container\">\n\t\t\t\t\t\t\t<h3>Durante a\u00f1os, he trabajado en primera l\u00ednea como param\u00e9dico y, m\u00e1s recientemente, como director de extensi\u00f3n comunitaria, lo que me ha proporcionado un profundo conocimiento de los retos y oportunidades a los que nos enfrentamos. He escuchado las preocupaciones de los residentes, propietarios de negocios y l\u00edderes de la comunidad, y s\u00e9 que necesitamos soluciones pr\u00e1cticas e innovadoras para mover Victorville adelante. Mi campa\u00f1a se basa en la creencia de que, trabajando juntos, podemos crear una ciudad m\u00e1s segura, m\u00e1s fuerte y m\u00e1s vibrante para todos.\u00a0<\/h3><div><p>Si es elegido para el Consejo de la Ciudad de Victorville, voy a traer una nueva perspectiva a las cuestiones que m\u00e1s importan a nuestra ciudad y su crecimiento futuro. A continuaci\u00f3n, encontrar\u00e1 las prioridades clave que me centrar\u00e9 en caso de ser elegido, cada uno impulsado por mi compromiso con el servicio y el deseo de hacer una diferencia real en la vida de los residentes de Victorville.<\/p><\/div>\t\t\t\t\t\t<\/div>\n\t\t\t\t<\/div>\n\t\t\t\t<\/div>\n\t\t\t\t\t<\/div>\n\t\t\t\t<\/div>\n\t\t<div class=\"elementor-element elementor-element-e67c0da e-flex e-con-boxed e-con e-parent\" data-id=\"e67c0da\" data-element_type=\"container\">\n\t\t\t\t\t<div class=\"e-con-inner\">\n\t\t<div class=\"elementor-element elementor-element-e85e251 e-con-full e-flex e-con e-child\" data-id=\"e85e251\" data-element_type=\"container\">\n\t\t\t\t<div class=\"elementor-element elementor-element-37a7127 elementor-flip-box--effect-flip elementor-flip-box--direction-up elementor-widget elementor-widget-flip-box\" data-id=\"37a7127\" data-element_type=\"widget\" data-widget_type=\"flip-box.default\">\n\t\t\t\t<div class=\"elementor-widget-container\">\n\t\t\t\t\t<div class=\"elementor-flip-box\" tabindex=\"0\">\n\t\t\t<div class=\"elementor-flip-box__layer elementor-flip-box__front\">\n\t\t\t\t<div class=\"elementor-flip-box__layer__overlay\">\n\t\t\t\t\t<div class=\"elementor-flip-box__layer__inner\">\n\t\t\t\t\t\t\t\t\t\t\t\t\t<div class=\"elementor-icon-wrapper elementor-view-default\">\n\t\t\t\t\t\t\t\t<div class=\"elementor-icon\">\n\t\t\t\t\t\t\t\t\t\t\t\t\t\t\t\t\t<\/div>\n\t\t\t\t\t\t\t<\/div>\n\t\t\t\t\t\t\n\t\t\t\t\t\t\n\t\t\t\t\t\t\t\t\t\t\t<\/div>\n\t\t\t\t<\/div>\n\t\t\t<\/div>\n\t\t\t<div class=\"elementor-flip-box__layer elementor-flip-box__back\">\n\t\t\t<div class=\"elementor-flip-box__layer__overlay\">\n\t\t\t\t<div class=\"elementor-flip-box__layer__inner\">\n\t\t\t\t\t\n\t\t\t\t\t\n\t\t\t\t\t\t\t\t\t\t\t<a class=\"elementor-flip-box__button elementor-button elementor-size-xs\" href=\"https:\/\/tiffanygaudin.com\/es\/advancing-public-safety-efforts\/\">\n\t\t\t\t\t\t\tpulse aqu\u00ed\t\t\t\t\t\t<\/a>\n\t\t\t\t\t\t\t\t<\/div>\n\t\t<\/div>\n\t\t<\/div>\n\t\t<\/div>\n\t\t\t\t<\/div>\n\t\t\t\t<\/div>\n\t\t\t\t<\/div>\n\t\t<div class=\"elementor-element elementor-element-a45392f e-con-full e-flex e-con e-child\" data-id=\"a45392f\" data-element_type=\"container\">\n\t\t\t\t<div class=\"elementor-element elementor-element-3255994 elementor-flip-box--effect-flip elementor-flip-box--direction-up elementor-widget elementor-widget-flip-box\" data-id=\"3255994\" data-element_type=\"widget\" data-widget_type=\"flip-box.default\">\n\t\t\t\t<div class=\"elementor-widget-container\">\n\t\t\t\t\t<div class=\"elementor-flip-box\" tabindex=\"0\">\n\t\t\t<div class=\"elementor-flip-box__layer elementor-flip-box__front\">\n\t\t\t\t<div class=\"elementor-flip-box__layer__overlay\">\n\t\t\t\t\t<div class=\"elementor-flip-box__layer__inner\">\n\t\t\t\t\t\t\t\t\t\t\t\t\t<div class=\"elementor-icon-wrapper elementor-view-default\">\n\t\t\t\t\t\t\t\t<div class=\"elementor-icon\">\n\t\t\t\t\t\t\t\t\t\t\t\t\t\t\t\t\t<\/div>\n\t\t\t\t\t\t\t<\/div>\n\t\t\t\t\t\t\n\t\t\t\t\t\t\n\t\t\t\t\t\t\t\t\t\t\t<\/div>\n\t\t\t\t<\/div>\n\t\t\t<\/div>\n\t\t\t<div class=\"elementor-flip-box__layer elementor-flip-box__back\">\n\t\t\t<div class=\"elementor-flip-box__layer__overlay\">\n\t\t\t\t<div class=\"elementor-flip-box__layer__inner\">\n\t\t\t\t\t\n\t\t\t\t\t\n\t\t\t\t\t\t\t\t\t\t\t<a class=\"elementor-flip-box__button elementor-button elementor-size-xs\" href=\"https:\/\/tiffanygaudin.com\/es\/promoting-economic-prosperity\/\">\n\t\t\t\t\t\t\tpulse aqu\u00ed\t\t\t\t\t\t<\/a>\n\t\t\t\t\t\t\t\t<\/div>\n\t\t<\/div>\n\t\t<\/div>\n\t\t<\/div>\n\t\t\t\t<\/div>\n\t\t\t\t<\/div>\n\t\t\t\t<\/div>\n\t\t\t\t\t<\/div>\n\t\t\t\t<\/div>\n\t\t<div class=\"elementor-element elementor-element-8141637 e-flex e-con-boxed e-con e-parent\" data-id=\"8141637\" data-element_type=\"container\">\n\t\t\t\t\t<div class=\"e-con-inner\">\n\t\t<div class=\"elementor-element elementor-element-a647457 e-con-full e-flex e-con e-child\" data-id=\"a647457\" data-element_type=\"container\">\n\t\t\t\t<div class=\"elementor-element elementor-element-29c3461 elementor-flip-box--effect-flip elementor-flip-box--direction-up elementor-widget elementor-widget-flip-box\" data-id=\"29c3461\" data-element_type=\"widget\" data-widget_type=\"flip-box.default\">\n\t\t\t\t<div class=\"elementor-widget-container\">\n\t\t\t\t\t<div class=\"elementor-flip-box\" tabindex=\"0\">\n\t\t\t<div class=\"elementor-flip-box__layer elementor-flip-box__front\">\n\t\t\t\t<div class=\"elementor-flip-box__layer__overlay\">\n\t\t\t\t\t<div class=\"elementor-flip-box__layer__inner\">\n\t\t\t\t\t\t\t\t\t\t\t\t\t<div class=\"elementor-icon-wrapper elementor-view-default\">\n\t\t\t\t\t\t\t\t<div class=\"elementor-icon\">\n\t\t\t\t\t\t\t\t\t\t\t\t\t\t\t\t\t<\/div>\n\t\t\t\t\t\t\t<\/div>\n\t\t\t\t\t\t\n\t\t\t\t\t\t\n\t\t\t\t\t\t\t\t\t\t\t<\/div>\n\t\t\t\t<\/div>\n\t\t\t<\/div>\n\t\t\t<div class=\"elementor-flip-box__layer elementor-flip-box__back\">\n\t\t\t<div class=\"elementor-flip-box__layer__overlay\">\n\t\t\t\t<div class=\"elementor-flip-box__layer__inner\">\n\t\t\t\t\t\n\t\t\t\t\t\n\t\t\t\t\t\t\t\t\t\t\t<a class=\"elementor-flip-box__button elementor-button elementor-size-xs\" href=\"https:\/\/tiffanygaudin.com\/es\/lasting-solutions-for-homelessness\/\">\n\t\t\t\t\t\t\tpulse aqu\u00ed\t\t\t\t\t\t<\/a>\n\t\t\t\t\t\t\t\t<\/div>\n\t\t<\/div>\n\t\t<\/div>\n\t\t<\/div>\n\t\t\t\t<\/div>\n\t\t\t\t<\/div>\n\t\t\t\t<\/div>\n\t\t<div class=\"elementor-element elementor-element-3552ff7 e-con-full e-flex e-con e-child\" data-id=\"3552ff7\" data-element_type=\"container\">\n\t\t\t\t<div class=\"elementor-element elementor-element-f8beebc elementor-flip-box--effect-flip elementor-flip-box--direction-up elementor-widget elementor-widget-flip-box\" data-id=\"f8beebc\" data-element_type=\"widget\" data-widget_type=\"flip-box.default\">\n\t\t\t\t<div class=\"elementor-widget-container\">\n\t\t\t\t\t<div class=\"elementor-flip-box\" tabindex=\"0\">\n\t\t\t<div class=\"elementor-flip-box__layer elementor-flip-box__front\">\n\t\t\t\t<div class=\"elementor-flip-box__layer__overlay\">\n\t\t\t\t\t<div class=\"elementor-flip-box__layer__inner\">\n\t\t\t\t\t\t\t\t\t\t\t\t\t<div class=\"elementor-icon-wrapper elementor-view-default\">\n\t\t\t\t\t\t\t\t<div class=\"elementor-icon\">\n\t\t\t\t\t\t\t\t\t\t\t\t\t\t\t\t\t<\/div>\n\t\t\t\t\t\t\t<\/div>\n\t\t\t\t\t\t\n\t\t\t\t\t\t\n\t\t\t\t\t\t\t\t\t\t\t<\/div>\n\t\t\t\t<\/div>\n\t\t\t<\/div>\n\t\t\t<div class=\"elementor-flip-box__layer elementor-flip-box__back\">\n\t\t\t<div class=\"elementor-flip-box__layer__overlay\">\n\t\t\t\t<div class=\"elementor-flip-box__layer__inner\">\n\t\t\t\t\t\n\t\t\t\t\t\n\t\t\t\t\t\t\t\t\t\t\t<a class=\"elementor-flip-box__button elementor-button elementor-size-xs\" href=\"https:\/\/tiffanygaudin.com\/es\/amplifying-community-voices\/\">\n\t\t\t\t\t\t\tpulse aqu\u00ed\t\t\t\t\t\t<\/a>\n\t\t\t\t\t\t\t\t<\/div>\n\t\t<\/div>\n\t\t<\/div>\n\t\t<\/div>\n\t\t\t\t<\/div>\n\t\t\t\t<\/div>\n\t\t\t\t<\/div>\n\t\t\t\t\t<\/div>\n\t\t\t\t<\/div>\n\t\t\t\t<\/div>","protected":false},"excerpt":{"rendered":"<p>Eric Negrete est\u00e1 profundamente conectado a Victorville, con una fuerte dedicaci\u00f3n a hacer la ciudad m\u00e1s segura, m\u00e1s fuerte y m\u00e1s vibrante. Con experiencia en el Ayuntamiento y una pasi\u00f3n por el servicio, Eric es la elecci\u00f3n correcta para el Distrito 5.<\/p>","protected":false},"author":1,"featured_media":7809,"parent":0,"menu_order":0,"comment_status":"closed","ping_status":"closed","template":"","meta":{"footnotes":""},"categories":[],"tags":[],"class_list":["post-8224","page","type-page","status-publish","has-post-thumbnail","hentry"],"yoast_head":"<!-- This site is optimized with the Yoast SEO plugin v23.7 - https:\/\/yoast.com\/wordpress\/plugins\/seo\/ -->\n<title>My Priorities - Tiffany Gaudin District 1<\/title>\n<meta name=\"robots\" content=\"index, follow, max-snippet:-1, max-image-preview:large, max-video-preview:-1\" \/>\n<link rel=\"canonical\" href=\"https:\/\/tiffanygaudin.com\/es\/my-priorities\/\" \/>\n<meta property=\"og:locale\" content=\"es_MX\" \/>\n<meta property=\"og:type\" content=\"article\" \/>\n<meta property=\"og:title\" content=\"My Priorities - Tiffany Gaudin District 1\" \/>\n<meta property=\"og:description\" content=\"Eric Negrete is deeply connected to Victorville, with a strong dedication to making the city safer, stronger, and more vibrant. With experience on the City Council and a passion for service, Eric is the right choice for District 5.\" \/>\n<meta property=\"og:url\" content=\"https:\/\/tiffanygaudin.com\/es\/my-priorities\/\" \/>\n<meta property=\"og:site_name\" content=\"Tiffany Gaudin District 1\" \/>\n<meta property=\"article:modified_time\" content=\"2024-08-18T16:46:15+00:00\" \/>\n<meta property=\"og:image\" content=\"https:\/\/tiffanygaudin.com\/wp-content\/uploads\/2024\/08\/tiffany-scaled.webp\" \/>\n\t<meta property=\"og:image:width\" content=\"1443\" \/>\n\t<meta property=\"og:image:height\" content=\"2560\" \/>\n\t<meta property=\"og:image:type\" content=\"image\/webp\" \/>\n<meta name=\"twitter:card\" content=\"summary_large_image\" \/>\n<meta name=\"twitter:label1\" content=\"Tiempo de lectura\" \/>\n\t<meta name=\"twitter:data1\" content=\"1 minuto\" \/>\n<script type=\"application\/ld+json\" class=\"yoast-schema-graph\">{\"@context\":\"https:\/\/schema.org\",\"@graph\":[{\"@type\":\"WebPage\",\"@id\":\"https:\/\/tiffanygaudin.com\/my-priorities\/\",\"url\":\"https:\/\/tiffanygaudin.com\/my-priorities\/\",\"name\":\"My Priorities - Tiffany Gaudin District 1\",\"isPartOf\":{\"@id\":\"https:\/\/tiffanygaudin.com\/#website\"},\"primaryImageOfPage\":{\"@id\":\"https:\/\/tiffanygaudin.com\/my-priorities\/#primaryimage\"},\"image\":{\"@id\":\"https:\/\/tiffanygaudin.com\/my-priorities\/#primaryimage\"},\"thumbnailUrl\":\"https:\/\/tiffanygaudin.com\/wp-content\/uploads\/2024\/08\/tiffany-scaled.webp\",\"datePublished\":\"2024-08-18T15:17:38+00:00\",\"dateModified\":\"2024-08-18T16:46:15+00:00\",\"breadcrumb\":{\"@id\":\"https:\/\/tiffanygaudin.com\/my-priorities\/#breadcrumb\"},\"inLanguage\":\"es\",\"potentialAction\":[{\"@type\":\"ReadAction\",\"target\":[\"https:\/\/tiffanygaudin.com\/my-priorities\/\"]}]},{\"@type\":\"ImageObject\",\"inLanguage\":\"es\",\"@id\":\"https:\/\/tiffanygaudin.com\/my-priorities\/#primaryimage\",\"url\":\"https:\/\/tiffanygaudin.com\/wp-content\/uploads\/2024\/08\/tiffany-scaled.webp\",\"contentUrl\":\"https:\/\/tiffanygaudin.com\/wp-content\/uploads\/2024\/08\/tiffany-scaled.webp\",\"width\":1443,\"height\":2560},{\"@type\":\"BreadcrumbList\",\"@id\":\"https:\/\/tiffanygaudin.com\/my-priorities\/#breadcrumb\",\"itemListElement\":[{\"@type\":\"ListItem\",\"position\":1,\"name\":\"Home\",\"item\":\"https:\/\/tiffanygaudin.com\/\"},{\"@type\":\"ListItem\",\"position\":2,\"name\":\"My Priorities\"}]},{\"@type\":\"WebSite\",\"@id\":\"https:\/\/tiffanygaudin.com\/#website\",\"url\":\"https:\/\/tiffanygaudin.com\/\",\"name\":\"Tiffany Gaudin District 1\",\"description\":\"District 1 | Victorville City Council\",\"publisher\":{\"@id\":\"https:\/\/tiffanygaudin.com\/#organization\"},\"potentialAction\":[{\"@type\":\"SearchAction\",\"target\":{\"@type\":\"EntryPoint\",\"urlTemplate\":\"https:\/\/tiffanygaudin.com\/?s={search_term_string}\"},\"query-input\":{\"@type\":\"PropertyValueSpecification\",\"valueRequired\":true,\"valueName\":\"search_term_string\"}}],\"inLanguage\":\"es\"},{\"@type\":\"Organization\",\"@id\":\"https:\/\/tiffanygaudin.com\/#organization\",\"name\":\"Tiffany Gaudin District 1\",\"url\":\"https:\/\/tiffanygaudin.com\/\",\"logo\":{\"@type\":\"ImageObject\",\"inLanguage\":\"es\",\"@id\":\"https:\/\/tiffanygaudin.com\/#\/schema\/logo\/image\/\",\"url\":\"https:\/\/tiffanygaudin.com\/wp-content\/uploads\/2024\/03\/Logo.webp\",\"contentUrl\":\"https:\/\/tiffanygaudin.com\/wp-content\/uploads\/2024\/03\/Logo.webp\",\"width\":837,\"height\":472,\"caption\":\"Tiffany Gaudin District 1\"},\"image\":{\"@id\":\"https:\/\/tiffanygaudin.com\/#\/schema\/logo\/image\/\"}}]}<\/script>\n<!-- \/ Yoast SEO plugin. -->","yoast_head_json":{"title":"My Priorities - Tiffany Gaudin District 1","robots":{"index":"index","follow":"follow","max-snippet":"max-snippet:-1","max-image-preview":"max-image-preview:large","max-video-preview":"max-video-preview:-1"},"canonical":"https:\/\/tiffanygaudin.com\/es\/my-priorities\/","og_locale":"es_MX","og_type":"article","og_title":"My Priorities - Tiffany Gaudin District 1","og_description":"Eric Negrete is deeply connected to Victorville, with a strong dedication to making the city safer, stronger, and more vibrant. With experience on the City Council and a passion for service, Eric is the right choice for District 5.","og_url":"https:\/\/tiffanygaudin.com\/es\/my-priorities\/","og_site_name":"Tiffany Gaudin District 1","article_modified_time":"2024-08-18T16:46:15+00:00","og_image":[{"width":1443,"height":2560,"url":"https:\/\/tiffanygaudin.com\/wp-content\/uploads\/2024\/08\/tiffany-scaled.webp","type":"image\/webp"}],"twitter_card":"summary_large_image","twitter_misc":{"Tiempo de lectura":"1 minuto"},"schema":{"@context":"https:\/\/schema.org","@graph":[{"@type":"WebPage","@id":"https:\/\/tiffanygaudin.com\/my-priorities\/","url":"https:\/\/tiffanygaudin.com\/my-priorities\/","name":"My Priorities - Tiffany Gaudin District 1","isPartOf":{"@id":"https:\/\/tiffanygaudin.com\/#website"},"primaryImageOfPage":{"@id":"https:\/\/tiffanygaudin.com\/my-priorities\/#primaryimage"},"image":{"@id":"https:\/\/tiffanygaudin.com\/my-priorities\/#primaryimage"},"thumbnailUrl":"https:\/\/tiffanygaudin.com\/wp-content\/uploads\/2024\/08\/tiffany-scaled.webp","datePublished":"2024-08-18T15:17:38+00:00","dateModified":"2024-08-18T16:46:15+00:00","breadcrumb":{"@id":"https:\/\/tiffanygaudin.com\/my-priorities\/#breadcrumb"},"inLanguage":"es","potentialAction":[{"@type":"ReadAction","target":["https:\/\/tiffanygaudin.com\/my-priorities\/"]}]},{"@type":"ImageObject","inLanguage":"es","@id":"https:\/\/tiffanygaudin.com\/my-priorities\/#primaryimage","url":"https:\/\/tiffanygaudin.com\/wp-content\/uploads\/2024\/08\/tiffany-scaled.webp","contentUrl":"https:\/\/tiffanygaudin.com\/wp-content\/uploads\/2024\/08\/tiffany-scaled.webp","width":1443,"height":2560},{"@type":"BreadcrumbList","@id":"https:\/\/tiffanygaudin.com\/my-priorities\/#breadcrumb","itemListElement":[{"@type":"ListItem","position":1,"name":"Home","item":"https:\/\/tiffanygaudin.com\/"},{"@type":"ListItem","position":2,"name":"My Priorities"}]},{"@type":"WebSite","@id":"https:\/\/tiffanygaudin.com\/#website","url":"https:\/\/tiffanygaudin.com\/","name":"Tiffany Gaudin District 1","description":"District 1 | Victorville City Council","publisher":{"@id":"https:\/\/tiffanygaudin.com\/#organization"},"potentialAction":[{"@type":"SearchAction","target":{"@type":"EntryPoint","urlTemplate":"https:\/\/tiffanygaudin.com\/?s={search_term_string}"},"query-input":{"@type":"PropertyValueSpecification","valueRequired":true,"valueName":"search_term_string"}}],"inLanguage":"es"},{"@type":"Organization","@id":"https:\/\/tiffanygaudin.com\/#organization","name":"Tiffany Gaudin District 1","url":"https:\/\/tiffanygaudin.com\/","logo":{"@type":"ImageObject","inLanguage":"es","@id":"https:\/\/tiffanygaudin.com\/#\/schema\/logo\/image\/","url":"https:\/\/tiffanygaudin.com\/wp-content\/uploads\/2024\/03\/Logo.webp","contentUrl":"https:\/\/tiffanygaudin.com\/wp-content\/uploads\/2024\/03\/Logo.webp","width":837,"height":472,"caption":"Tiffany Gaudin District 1"},"image":{"@id":"https:\/\/tiffanygaudin.com\/#\/schema\/logo\/image\/"}}]}},"_links":{"self":[{"href":"https:\/\/tiffanygaudin.com\/es\/wp-json\/wp\/v2\/pages\/8224","targetHints":{"allow":["GET"]}}],"collection":[{"href":"https:\/\/tiffanygaudin.com\/es\/wp-json\/wp\/v2\/pages"}],"about":[{"href":"https:\/\/tiffanygaudin.com\/es\/wp-json\/wp\/v2\/types\/page"}],"author":[{"embeddable":true,"href":"https:\/\/tiffanygaudin.com\/es\/wp-json\/wp\/v2\/users\/1"}],"replies":[{"embeddable":true,"href":"https:\/\/tiffanygaudin.com\/es\/wp-json\/wp\/v2\/comments?post=8224"}],"version-history":[{"count":7,"href":"https:\/\/tiffanygaudin.com\/es\/wp-json\/wp\/v2\/pages\/8224\/revisions"}],"predecessor-version":[{"id":8310,"href":"https:\/\/tiffanygaudin.com\/es\/wp-json\/wp\/v2\/pages\/8224\/revisions\/8310"}],"wp:featuredmedia":[{"embeddable":true,"href":"https:\/\/tiffanygaudin.com\/es\/wp-json\/wp\/v2\/media\/7809"}],"wp:attachment":[{"href":"https:\/\/tiffanygaudin.com\/es\/wp-json\/wp\/v2\/media?parent=8224"}],"wp:term":[{"taxonomy":"category","embeddable":true,"href":"https:\/\/tiffanygaudin.com\/es\/wp-json\/wp\/v2\/categories?post=8224"},{"taxonomy":"post_tag","embeddable":true,"href":"https:\/\/tiffanygaudin.com\/es\/wp-json\/wp\/v2\/tags?post=8224"}],"curies":[{"name":"wp","href":"https:\/\/api.w.org\/{rel}","templated":true}]}}